{"id":131,"date":"2021-06-21T16:52:54","date_gmt":"2021-06-21T14:52:54","guid":{"rendered":"https:\/\/gemeinnuetzige-gesellschaft-der-bezirke-zuerich-und-dietikon.ch\/ggbzd\/?page_id=131"},"modified":"2021-11-04T11:01:32","modified_gmt":"2021-11-04T10:01:32","slug":"spenden","status":"publish","type":"page","link":"https:\/\/gemeinnuetzige-gesellschaft-der-bezirke-zuerich-und-dietikon.ch\/ggbzd\/spenden\/","title":{"rendered":"Spenden"},"content":{"rendered":"\n<h1>Sinnvoll spenden<\/h1>\n\n\n\n<p>Die Gemeinn\u00fctzige Gesellschaft der Bezirke Z\u00fcrich und Dietikon setzt sich daf\u00fcr ein, dass Menschen die M\u00f6glichkeit erhalten eine gute Ausbildung abzuschliessen, um f\u00fcr sich und ihre Familien einen&nbsp;<strong>ausreichenden Lebensunterhalt<\/strong>&nbsp;zu&nbsp;<strong>verdienen.<\/strong><\/p>\n\n\n\n<p>Dieses Ziel k\u00f6nnen wir nur dank Ihnen, liebe Spender\/-innen, erreichen. Der Verm\u00f6gensertrag aus Spenden, G\u00f6nnerbeitr\u00e4gen und Legaten fliesst zusammen mit den Mitgliederbeitr\u00e4gen bei geringstem Verwaltungsaufwand (Vorstandsmitglieder arbeiten ehrenamtlich) direkt in Stipendien f\u00fcr die&nbsp;<strong>Ausbildung von Menschen in unserer Region.<\/strong><\/p>\n\n\n\n<p>Die Gr\u00fcnde f\u00fcr ein Gesuch zum Erhalt eines Stipendiums sind sehr vielf\u00e4ltig: Alleinerziehende M\u00fctter mit keinen oder sehr kleinen Alimenten und unausweichlichen Betreuungskosten; Studierende, welche in der Abschlusspr\u00fcfungsphase keinem Verdienst mehr nachgehen k\u00f6nnen; Kinder aus Scheidungsfamilien oder zerr\u00fctteten Familienverh\u00e4ltnissen, bei denen der Vater aus verschiedenen Gr\u00fcnden nicht zahlungswillig oder nicht zahlungsf\u00e4hig ist; Menschen, welche durch pers\u00f6nliche Krisen oder Krankheiten in finanzielle Schwierigkeiten gerieten und ihre Ausbildung unterbrechen mussten; u.s.w.<\/p>\n\n\n\n<p>Wir danken Ihnen herzlich f\u00fcr die bewusste Wahl Ihrer Spende.<br>PC-Konto:&nbsp;<strong>80-3044-8<\/strong>, lautend auf:&nbsp;<strong>Gemeinn\u00fctzige Gesellschaft der Bezirke Z\u00fcrich und Dietikon, 8000 Z\u00fcrich<\/strong><\/p>\n","protected":false},"excerpt":{"rendered":"<p>Sinnvoll spenden Die Gemeinn\u00fctzige Gesellschaft der Bezirke Z\u00fcrich und Dietikon setzt sich daf\u00fcr ein, dass Menschen die M\u00f6glichkeit erhalten eine gute Ausbildung abzuschliessen, um f\u00fcr sich und ihre Familien einen&nbsp;ausreichenden Lebensunterhalt&nbsp;zu&nbsp;verdienen. Dieses Ziel k\u00f6nnen wir nur dank Ihnen, liebe Spender\/-innen, erreichen. Der Verm\u00f6gensertrag aus Spenden, G\u00f6nnerbeitr\u00e4gen und Legaten fliesst zusammen&#8230;<\/p>\n<p> <a class=\"continue-reading-link\" href=\"https:\/\/gemeinnuetzige-gesellschaft-der-bezirke-zuerich-und-dietikon.ch\/ggbzd\/spenden\/\"><span>Continue reading<\/span><i class=\"crycon-right-dir\"><\/i><\/a> <\/p>\n","protected":false},"author":4,"featured_media":0,"parent":0,"menu_order":0,"comment_status":"closed","ping_status":"closed","template":"","meta":[],"acf":[],"_links":{"self":[{"href":"https:\/\/gemeinnuetzige-gesellschaft-der-bezirke-zuerich-und-dietikon.ch\/ggbzd\/wp-json\/wp\/v2\/pages\/131"}],"collection":[{"href":"https:\/\/gemeinnuetzige-gesellschaft-der-bezirke-zuerich-und-dietikon.ch\/ggbzd\/wp-json\/wp\/v2\/pages"}],"about":[{"href":"https:\/\/gemeinnuetzige-gesellschaft-der-bezirke-zuerich-und-dietikon.ch\/ggbzd\/wp-json\/wp\/v2\/types\/page"}],"author":[{"embeddable":true,"href":"https:\/\/gemeinnuetzige-gesellschaft-der-bezirke-zuerich-und-dietikon.ch\/ggbzd\/wp-json\/wp\/v2\/users\/4"}],"replies":[{"embeddable":true,"href":"https:\/\/gemeinnuetzige-gesellschaft-der-bezirke-zuerich-und-dietikon.ch\/ggbzd\/wp-json\/wp\/v2\/comments?post=131"}],"version-history":[{"count":1,"href":"https:\/\/gemeinnuetzige-gesellschaft-der-bezirke-zuerich-und-dietikon.ch\/ggbzd\/wp-json\/wp\/v2\/pages\/131\/revisions"}],"predecessor-version":[{"id":132,"href":"https:\/\/gemeinnuetzige-gesellschaft-der-bezirke-zuerich-und-dietikon.ch\/ggbzd\/wp-json\/wp\/v2\/pages\/131\/revisions\/132"}],"wp:attachment":[{"href":"https:\/\/gemeinnuetzige-gesellschaft-der-bezirke-zuerich-und-dietikon.ch\/ggbzd\/wp-json\/wp\/v2\/media?parent=131"}],"curies":[{"name":"wp","href":"https:\/\/api.w.org\/{rel}","templated":true}]}}