{"id":38,"date":"2021-06-21T11:34:35","date_gmt":"2021-06-21T09:34:35","guid":{"rendered":"https:\/\/gemeinnuetzige-gesellschaft-der-bezirke-zuerich-und-dietikon.ch\/ggbzd\/?page_id=38"},"modified":"2021-11-04T11:02:06","modified_gmt":"2021-11-04T10:02:06","slug":"vorstand","status":"publish","type":"page","link":"https:\/\/gemeinnuetzige-gesellschaft-der-bezirke-zuerich-und-dietikon.ch\/ggbzd\/vorstand\/","title":{"rendered":"Vorstand"},"content":{"rendered":"\n<p>Der Vorstand setzt sich&nbsp;<strong>vollst\u00e4ndig ehrenamtlich<\/strong>&nbsp;ein f\u00fcr diesen gemeinn\u00fctzigen Verein und verdient daher Anerkennung und Zufriedenheit als Lohn.<\/p>\n\n\n\n<p>Vorstandsmitglieder stellen sich im Turnus von vier Jahren der Wahl.<\/p>\n","protected":false},"excerpt":{"rendered":"<p>Der Vorstand setzt sich&nbsp;vollst\u00e4ndig ehrenamtlich&nbsp;ein f\u00fcr diesen gemeinn\u00fctzigen Verein und verdient daher Anerkennung und Zufriedenheit als Lohn. Vorstandsmitglieder stellen sich im Turnus von vier Jahren der Wahl.<\/p>\n<p> <a class=\"continue-reading-link\" href=\"https:\/\/gemeinnuetzige-gesellschaft-der-bezirke-zuerich-und-dietikon.ch\/ggbzd\/vorstand\/\"><span>Continue reading<\/span><i class=\"crycon-right-dir\"><\/i><\/a> <\/p>\n","protected":false},"author":4,"featured_media":0,"parent":0,"menu_order":0,"comment_status":"closed","ping_status":"closed","template":"","meta":[],"acf":[],"_links":{"self":[{"href":"https:\/\/gemeinnuetzige-gesellschaft-der-bezirke-zuerich-und-dietikon.ch\/ggbzd\/wp-json\/wp\/v2\/pages\/38"}],"collection":[{"href":"https:\/\/gemeinnuetzige-gesellschaft-der-bezirke-zuerich-und-dietikon.ch\/ggbzd\/wp-json\/wp\/v2\/pages"}],"about":[{"href":"https:\/\/gemeinnuetzige-gesellschaft-der-bezirke-zuerich-und-dietikon.ch\/ggbzd\/wp-json\/wp\/v2\/types\/page"}],"author":[{"embeddable":true,"href":"https:\/\/gemeinnuetzige-gesellschaft-der-bezirke-zuerich-und-dietikon.ch\/ggbzd\/wp-json\/wp\/v2\/users\/4"}],"replies":[{"embeddable":true,"href":"https:\/\/gemeinnuetzige-gesellschaft-der-bezirke-zuerich-und-dietikon.ch\/ggbzd\/wp-json\/wp\/v2\/comments?post=38"}],"version-history":[{"count":2,"href":"https:\/\/gemeinnuetzige-gesellschaft-der-bezirke-zuerich-und-dietikon.ch\/ggbzd\/wp-json\/wp\/v2\/pages\/38\/revisions"}],"predecessor-version":[{"id":55,"href":"https:\/\/gemeinnuetzige-gesellschaft-der-bezirke-zuerich-und-dietikon.ch\/ggbzd\/wp-json\/wp\/v2\/pages\/38\/revisions\/55"}],"wp:attachment":[{"href":"https:\/\/gemeinnuetzige-gesellschaft-der-bezirke-zuerich-und-dietikon.ch\/ggbzd\/wp-json\/wp\/v2\/media?parent=38"}],"curies":[{"name":"wp","href":"https:\/\/api.w.org\/{rel}","templated":true}]}}